{"id":1994,"date":"2025-12-16T22:58:56","date_gmt":"2025-12-17T03:58:56","guid":{"rendered":"https:\/\/mychurchacademy.com\/acvmontreal\/?page_id=1994"},"modified":"2025-12-16T23:18:32","modified_gmt":"2025-12-17T04:18:32","slug":"devenir-membre","status":"publish","type":"page","link":"https:\/\/mychurchacademy.com\/acvmontreal\/devenir-membre\/","title":{"rendered":"Devenir Membre"},"content":{"rendered":"\t\t<div data-elementor-type=\"wp-page\" data-elementor-id=\"1994\" class=\"elementor elementor-1994\">\n\t\t\t\t<div class=\"elementor-element elementor-element-4ad2dde e-flex e-con-boxed e-con e-parent\" data-id=\"4ad2dde\" data-element_type=\"container\" data-settings=\"{&quot;background_background&quot;:&quot;classic&quot;}\">\n\t\t\t\t\t<div class=\"e-con-inner\">\n\t\t<div class=\"elementor-element elementor-element-89ed131 e-con-full e-flex e-con e-child\" data-id=\"89ed131\" data-element_type=\"container\">\n\t\t\t\t<div class=\"elementor-element elementor-element-d38ae42 elementor-widget elementor-widget-heading\" data-id=\"d38ae42\" data-element_type=\"widget\" data-widget_type=\"heading.default\">\n\t\t\t\t<div class=\"elementor-widget-container\">\n\t\t\t\t\t<h1 class=\"elementor-heading-title elementor-size-default\">DEVENIR MEMBRE<\/h1>\t\t\t\t<\/div>\n\t\t\t\t<\/div>\n\t\t\t\t<div class=\"elementor-element elementor-element-220dc0f elementor-widget elementor-widget-heading\" data-id=\"220dc0f\" data-element_type=\"widget\" data-widget_type=\"heading.default\">\n\t\t\t\t<div class=\"elementor-widget-container\">\n\t\t\t\t\t<h3 class=\"elementor-heading-title elementor-size-default\">Acc\u00e9dez \u00e0 une croissance spirituelle continue<\/h3>\t\t\t\t<\/div>\n\t\t\t\t<\/div>\n\t\t\t\t<div class=\"elementor-element elementor-element-e57dbb1 elementor-widget elementor-widget-text-editor\" data-id=\"e57dbb1\" data-element_type=\"widget\" data-widget_type=\"text-editor.default\">\n\t\t\t\t<div class=\"elementor-widget-container\">\n\t\t\t\t\t\t\t\t\t<p>Acc\u00e9dez \u00e0 un enseignement biblique structur\u00e9 et inspirant, avec un acc\u00e8s illimit\u00e9 \u00e0 des cours con\u00e7us pour accompagner chaque membre de la famille dans sa croissance spirituelle.<\/p>\t\t\t\t\t\t\t\t<\/div>\n\t\t\t\t<\/div>\n\t\t\t\t<\/div>\n\t\t\t\t\t<\/div>\n\t\t\t\t<\/div>\n\t\t<div class=\"elementor-element elementor-element-58330ee e-flex e-con-boxed e-con e-parent\" data-id=\"58330ee\" data-element_type=\"container\" data-settings=\"{&quot;background_background&quot;:&quot;classic&quot;}\">\n\t\t\t\t\t<div class=\"e-con-inner\">\n\t\t<div class=\"elementor-element elementor-element-39cd8b9 e-con-full e-flex e-con e-child\" data-id=\"39cd8b9\" data-element_type=\"container\">\n\t\t\t\t<div class=\"elementor-element elementor-element-5a5a2a5 elementor-widget elementor-widget-text-editor\" data-id=\"5a5a2a5\" data-element_type=\"widget\" data-widget_type=\"text-editor.default\">\n\t\t\t\t<div class=\"elementor-widget-container\">\n\t\t\t\t\t\t\t\t\t<p>Acc\u00e9dez \u00e0 l\u2019exp\u00e9rience compl\u00e8te de l\u2019acad\u00e9mie gr\u00e2ce \u00e0 l\u2019adh\u00e9sion Premium.<\/p><p>En tant que membre, vous b\u00e9n\u00e9ficiez d\u2019un acc\u00e8s illimit\u00e9 \u00e0 tous les cours,ainsi qu\u2019\u00e0 des outils exclusifs con\u00e7us pour vous aider \u00e0 grandir plus profond\u00e9ment dans votre foi.<\/p><p><strong>Votre adh\u00e9sion comprend :<\/strong><\/p><ul><li>Acc\u00e8s complet \u00e0 tous les cours de l\u2019acad\u00e9mie<\/li><li>Ressources t\u00e9l\u00e9chargeables et guides d\u2019\u00e9tude<\/li><li>Journaux de r\u00e9flexion et supports pratiques<\/li><li>Quiz pour renforcer votre apprentissage<\/li><li>Contenus exclusifs r\u00e9serv\u00e9s aux membres pour accompagner votre parcours spirituel<\/li><\/ul><p>Inscrivez-vous d\u00e8s aujourd\u2019hui et franchissez une nouvelle \u00e9tape vers une croissance continuedans la Parole de Dieu, tout en soutenant votre \u00e9glise et sa mission.<\/p>\t\t\t\t\t\t\t\t<\/div>\n\t\t\t\t<\/div>\n\t\t\t\t<\/div>\n\t\t<div class=\"elementor-element elementor-element-5549f66 e-con-full e-flex e-con e-child\" data-id=\"5549f66\" data-element_type=\"container\" data-settings=\"{&quot;background_background&quot;:&quot;classic&quot;}\">\n\t\t\t\t<div class=\"elementor-element elementor-element-9e17d70  elementor-show-before-yes elementor-wpcf7-button-md elementor-wpcf7-button-md elementor-widget elementor-widget-sc-orderform\" data-id=\"9e17d70\" data-element_type=\"widget\" data-widget_type=\"sc-orderform.default\">\n\t\t\t\t<div class=\"elementor-widget-container\">\n\t\t\t\t\t\n<section id=\"sc-form-container\" class=\"studiocart scshortcode\">\n  <div class=\"container\"> \n\t<div id=\"sc-payment-form-1615-69f1b37e3437d\" class=\"sc-form-wrap\"><form id=\"sc-payment-form\"  action=\"https:\/\/mychurchacademy.com\/acvmontreal\/products\/devenir-membre\/\" method=\"post\">\n    <div class=\"sc-section products \">\n\n        \n        <h3 class=\"title\">Forfaits disponibles<\/h3>\n\n                <input id=\"sc-coupon-id\" type=\"hidden\" name=\"coupon_id\" value=\"\">\n        <div class=\"coupon-code\">\n                    <\/div>\n                    \n        \n            <div class=\"item \">\n                <label>\n                    <input id=\"option-63e816a545e764\" checked type=\"radio\" name=\"sc_product_option\" data-val=\"recurring\" data-price=\"29\" \n                      \n                    data-installments=\"-1\" data-interval=\"month\" \n                            \n                        data-frequency=\"1\"\n                                                                                             \n                                            data-taxable=\"no\" \n                                        value=\"63e816a545e764\">\n                    <span class=\"item-name\">\n                        Plan individuel ($29 \/ Mois)                                            <\/span>\n                <\/label>\n\n                                <span class=\"price\">\n                    <span class=\"sc-Price-currencySymbol\">&#36;<\/span>29.00                <\/span>\n                                \n                            <\/div>\n        \n            <div class=\"item \">\n                <label>\n                    <input id=\"option-63f33f961b2764\"  type=\"radio\" name=\"sc_product_option\" data-val=\"recurring\" data-price=\"49\" \n                      \n                    data-installments=\"-1\" data-interval=\"month\" \n                            \n                        data-frequency=\"1\"\n                                                                                             \n                                            data-taxable=\"no\" \n                                        value=\"63f33f961b2764\">\n                    <span class=\"item-name\">\n                        Forfait Familial \u2014 Incluant les cours Jeunesse & Adolescents (49 $ \/ mois)                                            <\/span>\n                <\/label>\n\n                                <span class=\"price\">\n                    <span class=\"sc-Price-currencySymbol\">&#36;<\/span>49.00                <\/span>\n                                \n                            <\/div>\n        \n                <span id=\"coupon-status\">coupon invalid<\/span>\n        <div class=\"coupon-code applied\">\n            <span class=\"coup-confirm\">Discount Applied!<\/span>\n        <\/div>\n        \n    <\/div>\n        <div class=\"sc-section card-details\">\n        <h3 class=\"title\">\n                            Contact Info        \n                    \n        <\/h3>\n        <div class=\"row\">\n        \n        <div class=\"form-group col-sm-6 \">\n                                <input id=\"first_name\" name=\"first_name\" type=\"text\" class=\"form-control  required\" placeholder=\"Pr\u00e9nom\" value=\"\" aria-label=\"Pr\u00e9nom\"\n                        >\n                                                    <\/div>\n    \n        <div class=\"form-group col-sm-6 \">\n                                <input id=\"last_name\" name=\"last_name\" type=\"text\" class=\"form-control  required\" placeholder=\"Nom\" value=\"\" aria-label=\"Nom\"\n                        >\n                                                    <\/div>\n    \n        <div class=\"form-group col-sm-6 \">\n                                <input id=\"email\" name=\"email\" type=\"email\" class=\"form-control  required\" placeholder=\"Courriel\" value=\"\" aria-label=\"Courriel\"\n                        >\n                                                    <\/div>\n    \n        <div class=\"form-group col-sm-6 \">\n                                <input id=\"phone\" name=\"phone\" type=\"tel\" class=\"form-control \" placeholder=\"T\u00e9l\u00e9phone\" value=\"\" aria-label=\"T\u00e9l\u00e9phone\"\n                        >\n                                                    <\/div>\n    \n        <div class=\"form-group col-sm-6 \">\n                                <input id=\"company\" name=\"company\" type=\"text\" class=\"form-control \" placeholder=\"Entreprise\" value=\"\" aria-label=\"Entreprise\"\n                        >\n                                                    <\/div>\n            <\/div>\n        \n        <div class=\"row\"><\/div><input type=\"hidden\" name=\"sc-auto-login\" value=\"1\" \/>        \n    <\/div>\n\n    <div class=\"sc-section pay-info\">\n        <input type=\"hidden\" name=\"sc_currency_code\" id=\"sc_currency_code\" value=\"USD\">\n        <input type=\"hidden\" name=\"sc_currency_country_code\" id=\"sc_currency_country_code\" value=\"US\">\n        <input type=\"hidden\" name=\"name\" id=\"item_name\">\n        <input type=\"hidden\" name=\"price\" id=\"item_price\">\n        <input type=\"hidden\" name=\"sc_process_payment\" value=\"1\">\n        <input type=\"hidden\" name=\"sc_amount\" value=\"\">\n        <input type=\"hidden\" name=\"sc_product_id\" value=\"1615\">\n        <input type=\"hidden\" name=\"sc-nonce\" value=\"9294bedcfb\">\n        <input type=\"hidden\" name=\"action\" value=\"save_order_to_db\">\n                        <input type=\"hidden\" name=\"sc_page_id\" value=\"1994\">\n        <input type=\"hidden\" name=\"sc_page_url\" value=\"\/acvmontreal\/wp-json\/wp\/v2\/pages\/1994\">\n        <input type=\"hidden\" name=\"sc_product_name\" value=\"Devenir Membre\">\n        \n        \n    <h3 class=\"title\">Payment Info<\/h3>\n    <div class=\"pay-methods\">\n                                    <label>\n                                    <input id=\"method-stripe\" checked=\"checked\" type=\"radio\" name=\"pay-method\" value=\"stripe\">\n                    <span class=\"item-name\">Credit Card<\/span>                                <\/label>\n                        <\/div>\n            <div class=\"row sc-stripe\">\n              <div class=\"form-group col-sm-12\">\n                \n                <div id=\"card-element\" data-form-wrapper=\"1615\" aria-label=\"Credit or debit card\">\n                  <!-- A Stripe Element will be inserted here. -->            \n                <\/div>\n                <!-- Used to display Element errors. -->\n                <div id=\"card-errors\" role=\"alert\"><\/div>\n\n              <\/div>\n            <\/div>\n                    \n                \n    <\/div>\n        \n    <div class=\"sc-section sc-order-summary\">\n                        <h3 class=\"title\">Order Summary<\/h3>\n                <div class=\"summary-items\">\n                    <div class=\"item\">\n                        <span class=\"sc-label\">Subtotal                        <\/span> \n                        <span id=\"subtotal\"><\/span>\n                    <\/div>\n                    \n                                        <div class=\"item cart-discount\" style=\"display: none\">\n                        <span class=\"sc-label\"><\/span>\n                        <span class=\"price\"><\/span>\n                    <\/div>\n                                    <\/div> <!-- \/.summary-items -->\n        \n         \n\n        <div class=\"row\">\n          <div class=\"form-group col-sm-12\">\n             <div class=\"total\">\n                 Due Today \n                 <span class=\"price\"><\/span>\n                 <small><\/small>\n             <\/div>\n          <\/div>\n        <\/div>\n        <div class=\"row\">   \n          <div class=\"form-group col-sm-12\">\n                                \n                                    \n                \n                                    \n                                                \n    \n<button id=\"sc_card_button\" data-form-wrapper=\"sc-payment-form-1615-69f1b37e3437d\" type=\"button\" class=\"btn btn-primary btn-block\">\n        <svg class=\"spinner\" width=\"24\" height=\"24\" viewBox=\"0 0 24 24\">\n        <g fill=\"none\" fill-rule=\"nonzero\">\n            <path class=\"ring_thumb\" fill=\"#FCECEA\" d=\"M17.945 3.958A9.955 9.955 0 0 0 12 2c-2.19 0-4.217.705-5.865 1.9L5.131 2.16A11.945 11.945 0 0 1 12 0c2.59 0 4.99.82 6.95 2.217l-1.005 1.741z\"><\/path>\n            <path class=\"ring_track\" fill=\"#FCECEA\" d=\"M5.13 2.16L6.136 3.9A9.987 9.987 0 0 0 2 12c0 5.523 4.477 10 10 10s10-4.477 10-10a9.986 9.986 0 0 0-4.055-8.042l1.006-1.741A11.985 11.985 0 0 1 24 12c0 6.627-5.373 12-12 12S0 18.627 0 12c0-4.073 2.029-7.671 5.13-9.84z\" style=\"opacity: 0.35\"><\/path>\n        <\/g>\n    <\/svg>\n        <span class=\"text\">\n                \n        Devenir Membre        \n            <\/span>\n\n    <\/button>\n                          \n          <\/div>\n        <\/div>\n    <\/div>\n<\/form><\/div>\n  <\/div>\n<\/section>\n\n    <script type=\"text\/javascript\">\n        \n    \n    jQuery('document').ready(function($){\n            var view_data = {\n            'action': 'sc_set_form_views',\n            'page_id': '1994',\n            'prod_id': '1615',\n            'url': '\/acvmontreal\/wp-json\/wp\/v2\/pages\/1994',\n        };\n        $.post(studiocart.ajax, view_data);\n        });    \n<\/script>\n\t\t\t\t<\/div>\n\t\t\t\t<\/div>\n\t\t\t\t<\/div>\n\t\t\t\t\t<\/div>\n\t\t\t\t<\/div>\n\t\t\t\t<\/div>\n\t\t","protected":false},"excerpt":{"rendered":"<p>DEVENIR MEMBRE Acc\u00e9dez \u00e0 une croissance spirituelle continue Acc\u00e9dez \u00e0 un enseignement biblique structur\u00e9 et inspirant, avec un acc\u00e8s illimit\u00e9 \u00e0 des cours con\u00e7us pour accompagner chaque membre de la famille dans sa croissance spirituelle. Acc\u00e9dez \u00e0 l\u2019exp\u00e9rience compl\u00e8te de l\u2019acad\u00e9mie gr\u00e2ce \u00e0 l\u2019adh\u00e9sion Premium. En tant que membre, vous b\u00e9n\u00e9ficiez d\u2019un acc\u00e8s illimit\u00e9 \u00e0 [&hellip;]<\/p>\n","protected":false},"author":1,"featured_media":0,"parent":0,"menu_order":0,"comment_status":"closed","ping_status":"closed","template":"","meta":{"site-sidebar-layout":"no-sidebar","site-content-layout":"page-builder","ast-site-content-layout":"default","site-content-style":"default","site-sidebar-style":"default","ast-global-header-display":"","ast-banner-title-visibility":"","ast-main-header-display":"","ast-hfb-above-header-display":"","ast-hfb-below-header-display":"","ast-hfb-mobile-header-display":"","site-post-title":"disabled","ast-breadcrumbs-content":"disabled","ast-featured-img":"disabled","footer-sml-layout":"","theme-transparent-header-meta":"enabled","adv-header-id-meta":"","stick-header-meta":"","header-above-stick-meta":"","header-main-stick-meta":"","header-below-stick-meta":"","astra-migrate-meta-layouts":"default","ast-page-background-enabled":"default","ast-page-background-meta":{"desktop":{"background-color":"","background-image":"","background-repeat":"repeat","background-position":"center center","background-size":"auto","background-attachment":"scroll","background-type":"","background-media":"","overlay-type":"","overlay-color":"","overlay-opacity":"","overlay-gradient":""},"tablet":{"background-color":"","background-image":"","background-repeat":"repeat","background-position":"center center","background-size":"auto","background-attachment":"scroll","background-type":"","background-media":"","overlay-type":"","overlay-color":"","overlay-opacity":"","overlay-gradient":""},"mobile":{"background-color":"","background-image":"","background-repeat":"repeat","background-position":"center center","background-size":"auto","background-attachment":"scroll","background-type":"","background-media":"","overlay-type":"","overlay-color":"","overlay-opacity":"","overlay-gradient":""}},"ast-content-background-meta":{"desktop":{"background-color":"var(--ast-global-color-5)","background-image":"","background-repeat":"repeat","background-position":"center center","background-size":"auto","background-attachment":"scroll","background-type":"","background-media":"","overlay-type":"","overlay-color":"","overlay-opacity":"","overlay-gradient":""},"tablet":{"background-color":"var(--ast-global-color-5)","background-image":"","background-repeat":"repeat","background-position":"center center","background-size":"auto","background-attachment":"scroll","background-type":"","background-media":"","overlay-type":"","overlay-color":"","overlay-opacity":"","overlay-gradient":""},"mobile":{"background-color":"var(--ast-global-color-5)","background-image":"","background-repeat":"repeat","background-position":"center center","background-size":"auto","background-attachment":"scroll","background-type":"","background-media":"","overlay-type":"","overlay-color":"","overlay-opacity":"","overlay-gradient":""}},"footnotes":""},"class_list":["post-1994","page","type-page","status-publish","hentry"],"_links":{"self":[{"href":"https:\/\/mychurchacademy.com\/acvmontreal\/wp-json\/wp\/v2\/pages\/1994","targetHints":{"allow":["GET"]}}],"collection":[{"href":"https:\/\/mychurchacademy.com\/acvmontreal\/wp-json\/wp\/v2\/pages"}],"about":[{"href":"https:\/\/mychurchacademy.com\/acvmontreal\/wp-json\/wp\/v2\/types\/page"}],"author":[{"embeddable":true,"href":"https:\/\/mychurchacademy.com\/acvmontreal\/wp-json\/wp\/v2\/users\/1"}],"replies":[{"embeddable":true,"href":"https:\/\/mychurchacademy.com\/acvmontreal\/wp-json\/wp\/v2\/comments?post=1994"}],"version-history":[{"count":58,"href":"https:\/\/mychurchacademy.com\/acvmontreal\/wp-json\/wp\/v2\/pages\/1994\/revisions"}],"predecessor-version":[{"id":2063,"href":"https:\/\/mychurchacademy.com\/acvmontreal\/wp-json\/wp\/v2\/pages\/1994\/revisions\/2063"}],"wp:attachment":[{"href":"https:\/\/mychurchacademy.com\/acvmontreal\/wp-json\/wp\/v2\/media?parent=1994"}],"curies":[{"name":"wp","href":"https:\/\/api.w.org\/{rel}","templated":true}]}}